{"id":546,"date":"2020-02-05T08:22:59","date_gmt":"2020-02-05T07:22:59","guid":{"rendered":"https:\/\/kluytmanshoreca.nl\/index.php\/product\/delizio-gourmet-vloeibaar-900-ml\/"},"modified":"2023-06-14T09:43:41","modified_gmt":"2023-06-14T08:43:41","slug":"delizio-gourmet-vloeibaar-900-ml","status":"publish","type":"product","link":"https:\/\/kluytmanshoreca.nl\/index.php\/product\/delizio-gourmet-vloeibaar-900-ml\/","title":{"rendered":"Delizio Gourmet Vloeibaar 900ml"},"content":{"rendered":"<p>Professionele vloeibare margarine gemaakt van plantaardige oli\u00ebn voor bakken en braden met een aangenaam diep boteraroma. Delizio Gourmet bestaat uit gezonde, essenti\u00eble en gevoelige onverzadigde vetzuren. Zeer effici\u00ebnte manier van koken; schenkbaar op koude temperatuur, eenvoudiger en veiliger te doseren, geen mix van boter en olie. Met Delizio Gourmet werkt u sneller, effici\u00ebnter met minder spatten en minder rook.<\/p>\n<p>Te gebruiken voor bakken, braden, grillen en bruinen van vlees, vis en gevogelte. Eveneens geschikt voor het stoven en het voorbereiden van groenten voor in de wok en voor het bakken van zoetigheden zoals pannenkoeken, muffins, cake en koekjes.<\/p>\n","protected":false},"excerpt":{"rendered":"<p>Professionele vloeibare margarine gemaakt van plantaardige oli\u00ebn voor bakken en braden met een aangenaam diep boteraroma. Delizio Gourmet bestaat uit gezonde, essenti\u00eble en gevoelige onverzadigde vetzuren. Zeer effici\u00ebnte manier van koken; schenkbaar op koude temperatuur, eenvoudiger en veiliger te doseren, geen mix van boter en olie. Met Delizio Gourmet werkt u sneller, effici\u00ebnter met minder [&hellip;]<\/p>\n","protected":false},"featured_media":0,"comment_status":"open","ping_status":"closed","template":"","meta":[],"product_brand":[],"product_cat":[43],"product_tag":[],"class_list":{"0":"post-546","1":"product","2":"type-product","3":"status-publish","5":"product_cat-vetten","7":"first","8":"instock","9":"taxable","10":"shipping-taxable","11":"purchasable","12":"product-type-simple"},"jetpack_sharing_enabled":true,"_links":{"self":[{"href":"https:\/\/kluytmanshoreca.nl\/index.php\/wp-json\/wp\/v2\/product\/546","targetHints":{"allow":["GET"]}}],"collection":[{"href":"https:\/\/kluytmanshoreca.nl\/index.php\/wp-json\/wp\/v2\/product"}],"about":[{"href":"https:\/\/kluytmanshoreca.nl\/index.php\/wp-json\/wp\/v2\/types\/product"}],"replies":[{"embeddable":true,"href":"https:\/\/kluytmanshoreca.nl\/index.php\/wp-json\/wp\/v2\/comments?post=546"}],"wp:attachment":[{"href":"https:\/\/kluytmanshoreca.nl\/index.php\/wp-json\/wp\/v2\/media?parent=546"}],"wp:term":[{"taxonomy":"product_brand","embeddable":true,"href":"https:\/\/kluytmanshoreca.nl\/index.php\/wp-json\/wp\/v2\/product_brand?post=546"},{"taxonomy":"product_cat","embeddable":true,"href":"https:\/\/kluytmanshoreca.nl\/index.php\/wp-json\/wp\/v2\/product_cat?post=546"},{"taxonomy":"product_tag","embeddable":true,"href":"https:\/\/kluytmanshoreca.nl\/index.php\/wp-json\/wp\/v2\/product_tag?post=546"}],"curies":[{"name":"wp","href":"https:\/\/api.w.org\/{rel}","templated":true}]}}